{"id":2,"date":"2016-05-10T03:48:21","date_gmt":"2016-05-10T03:48:21","guid":{"rendered":"http:\/\/matattacks.com\/?page_id=2"},"modified":"2022-12-15T16:09:19","modified_gmt":"2022-12-15T16:09:19","slug":"wohnungen","status":"publish","type":"page","link":"http:\/\/matattacks.com\/?page_id=2","title":{"rendered":"Wohnungen"},"content":{"rendered":"<p>[et_pb_section fb_built=&#8220;1&#8243; admin_label=&#8220;Header Section&#8220; _builder_version=&#8220;3.0.92&#8243; background_color=&#8220;#e9f0f6&#8243; background_position=&#8220;top_center&#8220; custom_padding=&#8220;10%|0px|10%|0px|false|false&#8220; locked=&#8220;off&#8220;][et_pb_row use_custom_gutter=&#8220;on&#8220; gutter_width=&#8220;1&#8243; make_equal=&#8220;on&#8220; background_color_2=&#8220;#ffffff&#8220; padding_top_2=&#8220;60px&#8220; padding_right_2=&#8220;60px&#8220; padding_bottom_2=&#8220;60px&#8220; padding_left_2=&#8220;60px&#8220; admin_label=&#8220;Case Study Row&#8220; _builder_version=&#8220;3.0.93&#8243;][et_pb_column type=&#8220;1_2&#8243; _builder_version=&#8220;3.0.47&#8243;][et_pb_image src=&#8220;http:\/\/matattacks.com\/wp-content\/uploads\/2018\/11\/7_D_9941_korr.jpg&#8220; _builder_version=&#8220;3.17.6&#8243; border_color_all=&#8220;#FFFFFF&#8220; box_shadow_style=&#8220;preset1&#8243; animation_style=&#8220;fade&#8220;][\/et_pb_image][et_pb_image _builder_version=&#8220;3.17.6&#8243;][\/et_pb_image][et_pb_image src=&#8220;http:\/\/matattacks.com\/wp-content\/uploads\/2018\/11\/IMG_9797_korr_web.jpg&#8220; _builder_version=&#8220;3.17.6&#8243;][\/et_pb_image][\/et_pb_column][et_pb_column type=&#8220;1_2&#8243; _builder_version=&#8220;3.0.47&#8243;][et_pb_cta title=&#8220;Alexa&#8220; button_url=&#8220;#top&#8220; button_text=&#8220;Mehr&#8220; admin_label=&#8220;Title Paragraph &#038; CTA Button&#8220; _builder_version=&#8220;3.17.6&#8243; header_level=&#8220;h3&#8243; header_font=&#8220;Muli|700|||||||&#8220; header_font_size=&#8220;26px&#8220; header_line_height=&#8220;1.4em&#8220; body_font=&#8220;Muli|600|||||||&#8220; body_font_size=&#8220;16px&#8220; body_line_height=&#8220;1.8em&#8220; use_background_color=&#8220;off&#8220; custom_button=&#8220;on&#8220; button_text_size=&#8220;16px&#8220; button_text_color=&#8220;#ffffff&#8220; button_bg_color=&#8220;#91d84e&#8220; button_bg_color_gradient_start=&#8220;#ffffff&#8220; button_bg_color_gradient_end=&#8220;#7cda24&#8243; button_border_width=&#8220;10px&#8220; button_border_color=&#8220;#7CDA24&#8243; button_border_radius=&#8220;0px&#8220; button_font=&#8220;Muli|700|||||||&#8220; button_use_icon=&#8220;off&#8220; text_orientation=&#8220;left&#8220; background_layout=&#8220;light&#8220; custom_padding=&#8220;|||&#8220; button_border_radius_hover=&#8220;0px&#8220; button_text_size__hover_enabled=&#8220;off&#8220; button_one_text_size__hover_enabled=&#8220;off&#8220; button_two_text_size__hover_enabled=&#8220;off&#8220; button_text_color__hover_enabled=&#8220;off&#8220; button_one_text_color__hover_enabled=&#8220;off&#8220; button_two_text_color__hover_enabled=&#8220;off&#8220; button_border_width__hover_enabled=&#8220;off&#8220; button_one_border_width__hover_enabled=&#8220;off&#8220; button_two_border_width__hover_enabled=&#8220;off&#8220; button_border_color__hover_enabled=&#8220;off&#8220; button_one_border_color__hover_enabled=&#8220;off&#8220; button_two_border_color__hover_enabled=&#8220;off&#8220; button_border_radius__hover_enabled=&#8220;on&#8220; button_border_radius__hover=&#8220;0px&#8220; button_one_border_radius__hover_enabled=&#8220;off&#8220; button_two_border_radius__hover_enabled=&#8220;off&#8220; button_letter_spacing__hover_enabled=&#8220;off&#8220; button_one_letter_spacing__hover_enabled=&#8220;off&#8220; button_two_letter_spacing__hover_enabled=&#8220;off&#8220; button_bg_color__hover_enabled=&#8220;off&#8220; button_one_bg_color__hover_enabled=&#8220;off&#8220; button_two_bg_color__hover_enabled=&#8220;off&#8220;]<\/p>\n<p>&nbsp;<\/p>\n<ul>\n<li>2-Zimmer Appartment f\u00fcr maximal 3 Personen<\/li>\n<li>Schlafzimmer (Einzelbetten 80cm x 200cm, erweiterbar)<\/li>\n<li>gro\u00dfer Balkon<\/li>\n<li>Wohn- Esszimmer mit kleiner K\u00fcche<\/li>\n<li>Tageslicht Bad, Dusch- Badewanne<\/li>\n<li>Gefrier- K\u00fchlkombination<\/li>\n<li>Wasserkocher, Toaster, Kaffeemaschine<\/li>\n<li>Flachbild-TV, DVD-Spieler, Wireless Internet, Musikanlage, B\u00fcgeleisen, F\u00f6n<\/li>\n<li>privater PKW-Stellplatz direkt vor dem Haus<\/li>\n<li>M\u00fcnz-Waschmaschine und -Trockner im Gemeinschaftskeller<\/li>\n<\/ul>\n<p>[\/et_pb_cta][\/et_pb_column][\/et_pb_row][et_pb_row use_custom_gutter=&#8220;on&#8220; gutter_width=&#8220;1&#8243; make_equal=&#8220;on&#8220; background_color_1=&#8220;#ffffff&#8220; padding_top_1=&#8220;60px&#8220; padding_right_1=&#8220;60px&#8220; padding_bottom_1=&#8220;60px&#8220; padding_left_1=&#8220;60px&#8220; admin_label=&#8220;Case Study Row&#8220; _builder_version=&#8220;3.0.93&#8243;][et_pb_column type=&#8220;1_2&#8243; _builder_version=&#8220;3.0.47&#8243;][et_pb_cta title=&#8220;Linda&#8220; button_url=&#8220;#top&#8220; button_text=&#8220;Mehr&#8220; admin_label=&#8220;Title Paragraph &#038; CTA Button&#8220; _builder_version=&#8220;3.17.6&#8243; header_level=&#8220;h3&#8243; header_font=&#8220;Muli|700|||||||&#8220; header_font_size=&#8220;26px&#8220; header_line_height=&#8220;1.4em&#8220; body_font=&#8220;Muli|600|||||||&#8220; body_font_size=&#8220;16px&#8220; body_line_height=&#8220;1.8em&#8220; use_background_color=&#8220;off&#8220; custom_button=&#8220;on&#8220; button_text_size=&#8220;16px&#8220; button_text_color=&#8220;#FFFFFF&#8220; button_bg_color=&#8220;rgba(124,218,36,0.79)&#8220; button_border_width=&#8220;10px&#8220; button_border_color=&#8220;#7CDA24&#8243; button_border_radius=&#8220;0px&#8220; button_font=&#8220;Muli|700|||||||&#8220; button_use_icon=&#8220;off&#8220; text_orientation=&#8220;left&#8220; background_layout=&#8220;light&#8220; custom_padding=&#8220;|||&#8220; button_border_radius_hover=&#8220;0px&#8220; button_text_size__hover_enabled=&#8220;off&#8220; button_one_text_size__hover_enabled=&#8220;off&#8220; button_two_text_size__hover_enabled=&#8220;off&#8220; button_text_color__hover_enabled=&#8220;off&#8220; button_one_text_color__hover_enabled=&#8220;off&#8220; button_two_text_color__hover_enabled=&#8220;off&#8220; button_border_width__hover_enabled=&#8220;off&#8220; button_one_border_width__hover_enabled=&#8220;off&#8220; button_two_border_width__hover_enabled=&#8220;off&#8220; button_border_color__hover_enabled=&#8220;off&#8220; button_one_border_color__hover_enabled=&#8220;off&#8220; button_two_border_color__hover_enabled=&#8220;off&#8220; button_border_radius__hover_enabled=&#8220;on&#8220; button_border_radius__hover=&#8220;0px&#8220; button_one_border_radius__hover_enabled=&#8220;off&#8220; button_two_border_radius__hover_enabled=&#8220;off&#8220; button_letter_spacing__hover_enabled=&#8220;off&#8220; button_one_letter_spacing__hover_enabled=&#8220;off&#8220; button_two_letter_spacing__hover_enabled=&#8220;off&#8220; button_bg_color__hover_enabled=&#8220;off&#8220; button_one_bg_color__hover_enabled=&#8220;off&#8220; button_two_bg_color__hover_enabled=&#8220;off&#8220;]<\/p>\n<ul>\n<li>1-Zimmer Appartment f\u00fcr 2 Personen<\/li>\n<li>gro\u00dfes Wohn- Schlafzimmer (Doppelbett 180 x 200cm)<\/li>\n<li>S\u00fcdbalkon<\/li>\n<li>Tageslicht Bad, Dusch- Badewanne<\/li>\n<li>kleine Pantry K\u00fcche<\/li>\n<li>Gefrier- K\u00fchlkombination<\/li>\n<li>Wasserkocher, Toaster, Kaffeemaschine<\/li>\n<li>Flachbild-TV, Wireless Internet, Musikanlage, DVB-T Radio, B\u00fcgeleisen, F\u00f6n<\/li>\n<li><span style=\"font-size: 16px;\">M\u00fcnz-Waschmaschine und -Trockner im Gemeinschaftskeller<\/span><\/li>\n<\/ul>\n<p>[\/et_pb_cta][\/et_pb_column][et_pb_column type=&#8220;1_2&#8243; _builder_version=&#8220;3.0.47&#8243;][et_pb_image src=&#8220;http:\/\/matattacks.com\/wp-content\/uploads\/2018\/11\/IMG_6279.jpg&#8220; _builder_version=&#8220;3.17.6&#8243;][\/et_pb_image][\/et_pb_column][\/et_pb_row][\/et_pb_section]<\/p>\n","protected":false},"excerpt":{"rendered":"<p>&nbsp; 2-Zimmer Appartment f\u00fcr maximal 3 Personen Schlafzimmer (Einzelbetten 80cm x 200cm, erweiterbar) gro\u00dfer Balkon Wohn- Esszimmer mit kleiner K\u00fcche Tageslicht Bad, Dusch- Badewanne Gefrier- K\u00fchlkombination Wasserkocher, Toaster, Kaffeemaschine Flachbild-TV, DVD-Spieler, Wireless Internet, Musikanlage, B\u00fcgeleisen, F\u00f6n privater PKW-Stellplatz direkt vor dem Haus M\u00fcnz-Waschmaschine und -Trockner im Gemeinschaftskeller 1-Zimmer Appartment f\u00fcr 2 Personen gro\u00dfes Wohn- Schlafzimmer [&hellip;]<\/p>\n","protected":false},"author":1,"featured_media":0,"parent":0,"menu_order":0,"comment_status":"closed","ping_status":"closed","template":"","meta":{"_et_pb_use_builder":"on","_et_pb_old_content":"This is an example page. It's different from a blog post because it will stay in one place and will show up in your site navigation (in most themes). Most people start with an About page that introduces them to potential site visitors. It might say something like this:\r\n\r\n<blockquote>Hi there! I'm a bike messenger by day, aspiring actor by night, and this is my website. I live in Los Angeles, have a great dog named Jack, and I like pi\u00f1a coladas. (And gettin' caught in the rain.)<\/blockquote>\r\n\r\n...or something like this:\r\n\r\n<blockquote>The XYZ Doohickey Company was founded in 1971, and has been providing quality doohickeys to the public ever since. Located in Gotham City, XYZ employs over 2,000 people and does all kinds of awesome things for the Gotham community.<\/blockquote>\r\n\r\nAs a new WordPress user, you should go to <a href=\"http:\/\/matattacks.com\/wp-admin\/\">your dashboard<\/a> to delete this page and create new pages for your content. Have fun!","_et_gb_content_width":""},"_links":{"self":[{"href":"http:\/\/matattacks.com\/index.php?rest_route=\/wp\/v2\/pages\/2"}],"collection":[{"href":"http:\/\/matattacks.com\/index.php?rest_route=\/wp\/v2\/pages"}],"about":[{"href":"http:\/\/matattacks.com\/index.php?rest_route=\/wp\/v2\/types\/page"}],"author":[{"embeddable":true,"href":"http:\/\/matattacks.com\/index.php?rest_route=\/wp\/v2\/users\/1"}],"replies":[{"embeddable":true,"href":"http:\/\/matattacks.com\/index.php?rest_route=%2Fwp%2Fv2%2Fcomments&post=2"}],"version-history":[{"count":22,"href":"http:\/\/matattacks.com\/index.php?rest_route=\/wp\/v2\/pages\/2\/revisions"}],"predecessor-version":[{"id":449,"href":"http:\/\/matattacks.com\/index.php?rest_route=\/wp\/v2\/pages\/2\/revisions\/449"}],"wp:attachment":[{"href":"http:\/\/matattacks.com\/index.php?rest_route=%2Fwp%2Fv2%2Fmedia&parent=2"}],"curies":[{"name":"wp","href":"https:\/\/api.w.org\/{rel}","templated":true}]}}